{"id":1023,"date":"2025-01-21T04:06:56","date_gmt":"2025-01-21T04:06:56","guid":{"rendered":"https:\/\/gramentheme.com\/wp\/exolax\/?page_id=1023"},"modified":"2025-05-02T22:40:51","modified_gmt":"2025-05-02T22:40:51","slug":"service","status":"publish","type":"page","link":"https:\/\/digital-planning.com\/index.php\/service\/","title":{"rendered":"Service"},"content":{"rendered":"\t\t<div data-elementor-type=\"wp-page\" data-elementor-id=\"1023\" class=\"elementor elementor-1023\">\n\t\t\t\t<div class=\"elementor-element elementor-element-4e1a88d e-flex e-con-boxed e-con e-parent\" data-id=\"4e1a88d\" data-element_type=\"container\" data-e-type=\"container\">\n\t\t\t\t\t<div class=\"e-con-inner\">\n\t\t<div class=\"elementor-element elementor-element-ecd21be e-con-full e-flex e-con e-child\" data-id=\"ecd21be\" data-element_type=\"container\" data-e-type=\"container\">\n\t\t\t\t<div class=\"elementor-element elementor-element-eb34012 elementor-widget elementor-widget-heading\" data-id=\"eb34012\" data-element_type=\"widget\" data-e-type=\"widget\" data-widget_type=\"heading.default\">\n\t\t\t\t<div class=\"elementor-widget-container\">\n\t\t\t\t\t<h3 class=\"elementor-heading-title elementor-size-default\"><h3 style=\"font-size:80px\">AI AGENT SERVICE<\/h3><\/h3>\t\t\t\t<\/div>\n\t\t\t\t<\/div>\n\t\t\t\t<\/div>\n\t\t<div class=\"elementor-element elementor-element-ae61306 e-grid e-con-full e-con e-child\" data-id=\"ae61306\" data-element_type=\"container\" data-e-type=\"container\">\n\t\t\t\t<div class=\"elementor-element elementor-element-e9fa044 elementor-widget elementor-widget-image\" data-id=\"e9fa044\" data-element_type=\"widget\" data-e-type=\"widget\" data-widget_type=\"image.default\">\n\t\t\t\t<div class=\"elementor-widget-container\">\n\t\t\t\t\t\t\t\t\t\t\t\t\t\t\t<img fetchpriority=\"high\" decoding=\"async\" width=\"740\" height=\"740\" src=\"https:\/\/digital-planning.com\/wp-content\/uploads\/2025\/03\/pngtree-artificial-intelligence-program-png-image_13294356-1024x1024.png\" class=\"attachment-large size-large wp-image-1523\" alt=\"\" srcset=\"https:\/\/digital-planning.com\/wp-content\/uploads\/2025\/03\/pngtree-artificial-intelligence-program-png-image_13294356-1024x1024.png 1024w, https:\/\/digital-planning.com\/wp-content\/uploads\/2025\/03\/pngtree-artificial-intelligence-program-png-image_13294356-300x300.png 300w, https:\/\/digital-planning.com\/wp-content\/uploads\/2025\/03\/pngtree-artificial-intelligence-program-png-image_13294356-150x150.png 150w, https:\/\/digital-planning.com\/wp-content\/uploads\/2025\/03\/pngtree-artificial-intelligence-program-png-image_13294356-768x768.png 768w, https:\/\/digital-planning.com\/wp-content\/uploads\/2025\/03\/pngtree-artificial-intelligence-program-png-image_13294356.png 1200w\" sizes=\"(max-width: 740px) 100vw, 740px\" \/>\t\t\t\t\t\t\t\t\t\t\t\t\t\t\t<\/div>\n\t\t\t\t<\/div>\n\t\t\t\t<div class=\"elementor-element elementor-element-217cfa0 elementor-widget elementor-widget-text-editor\" data-id=\"217cfa0\" data-element_type=\"widget\" data-e-type=\"widget\" data-widget_type=\"text-editor.default\">\n\t\t\t\t<div class=\"elementor-widget-container\">\n\t\t\t\t\t\t\t\t\t<h3><span style=\"font-weight: 400;\">Optimiza tus flujos de comunicaci\u00f3n con inteligencia artificial, integrando tu <\/span><b><i>p\u00e1gina web, bases de datos, CRM, ERP y m\u00e1s<\/i><\/b><span style=\"font-weight: 400;\"> para que la interacci\u00f3n con tus clientes sea \u00e1gil y eficiente. A trav\u00e9s de soluciones personalizadas, mejoramos la comunicaci\u00f3n y automatizamos tus procesos clave, generando procesos eficientes en tu negocio en \u00e1reas como <\/span><b>ventas, atenci\u00f3n al cliente, administraci\u00f3n, etc&#8230;<\/b><\/h3>\t\t\t\t\t\t\t\t<\/div>\n\t\t\t\t<\/div>\n\t\t\t\t<\/div>\n\t\t<div class=\"elementor-element elementor-element-ed7984c e-con-full e-flex e-con e-child\" data-id=\"ed7984c\" data-element_type=\"container\" data-e-type=\"container\">\n\t\t\t\t<div class=\"elementor-element elementor-element-863a703 elementor-align-center elementor-widget elementor-widget-button\" data-id=\"863a703\" data-element_type=\"widget\" data-e-type=\"widget\" data-widget_type=\"button.default\">\n\t\t\t\t<div class=\"elementor-widget-container\">\n\t\t\t\t\t\t\t\t\t<div class=\"elementor-button-wrapper\">\n\t\t\t\t\t<a class=\"elementor-button elementor-button-link elementor-size-sm\" href=\"https:\/\/esta.digital-planning.com\/index.php\/elementor-1531\/\">\n\t\t\t\t\t\t<span class=\"elementor-button-content-wrapper\">\n\t\t\t\t\t\t\t\t\t<span class=\"elementor-button-text\">M\u00c1S INFORMACI\u00d3N<\/span>\n\t\t\t\t\t<\/span>\n\t\t\t\t\t<\/a>\n\t\t\t\t<\/div>\n\t\t\t\t\t\t\t\t<\/div>\n\t\t\t\t<\/div>\n\t\t\t\t<div class=\"elementor-element elementor-element-8a33537 elementor-widget-divider--view-line elementor-widget elementor-widget-divider\" data-id=\"8a33537\" data-element_type=\"widget\" data-e-type=\"widget\" data-widget_type=\"divider.default\">\n\t\t\t\t<div class=\"elementor-widget-container\">\n\t\t\t\t\t\t\t<div class=\"elementor-divider\">\n\t\t\t<span class=\"elementor-divider-separator\">\n\t\t\t\t\t\t<\/span>\n\t\t<\/div>\n\t\t\t\t\t\t<\/div>\n\t\t\t\t<\/div>\n\t\t\t\t<\/div>\n\t\t\t\t\t<\/div>\n\t\t\t\t<\/div>\n\t\t<section class=\"elementor-element elementor-element-8766208 e-flex e-con-boxed e-con e-parent\" data-id=\"8766208\" data-element_type=\"container\" data-e-type=\"container\">\n\t\t\t\t\t<div class=\"e-con-inner\">\n\t\t<div class=\"elementor-element elementor-element-990c6e3 e-con-full e-flex e-con e-child\" data-id=\"990c6e3\" data-element_type=\"container\" data-e-type=\"container\">\n\t\t\t\t<div class=\"elementor-element elementor-element-5d21e29 elementor-widget elementor-widget-text-editor\" data-id=\"5d21e29\" data-element_type=\"widget\" data-e-type=\"widget\" data-widget_type=\"text-editor.default\">\n\t\t\t\t<div class=\"elementor-widget-container\">\n\t\t\t\t\t\t\t\t\t<p>\u00a0<\/p><h4 style=\"font-size: 35px;\">Desarrollado por la necesidad de brindar a nuestros clientes una ventaja competitiva \u00fanica y sustancial al proporcionar informaci\u00f3n en tiempo real sobre los movimientos de la competencia para su toma de decisiones.<\/h4>\t\t\t\t\t\t\t\t<\/div>\n\t\t\t\t<\/div>\n\t\t\t\t<\/div>\n\t\t<div class=\"elementor-element elementor-element-ed9a8be e-con-full e-flex e-con e-child\" data-id=\"ed9a8be\" data-element_type=\"container\" data-e-type=\"container\">\n\t\t\t\t<div class=\"elementor-element elementor-element-96f782a elementor-widget elementor-widget-heading\" data-id=\"96f782a\" data-element_type=\"widget\" data-e-type=\"widget\" data-widget_type=\"heading.default\">\n\t\t\t\t<div class=\"elementor-widget-container\">\n\t\t\t\t\t<h2 class=\"elementor-heading-title elementor-size-default\"><h3 style=\"font-size:80px\">DATAHUNTER<h3><\/h2>\t\t\t\t<\/div>\n\t\t\t\t<\/div>\n\t\t\t\t<div class=\"elementor-element elementor-element-3977048 elementor-widget elementor-widget-image\" data-id=\"3977048\" data-element_type=\"widget\" data-e-type=\"widget\" data-widget_type=\"image.default\">\n\t\t\t\t<div class=\"elementor-widget-container\">\n\t\t\t\t\t\t\t\t\t\t\t\t\t\t\t<img decoding=\"async\" width=\"740\" height=\"324\" src=\"https:\/\/digital-planning.com\/wp-content\/uploads\/2025\/02\/tabla_1-1024x449.jpeg\" class=\"attachment-large size-large wp-image-1302\" alt=\"\" srcset=\"https:\/\/digital-planning.com\/wp-content\/uploads\/2025\/02\/tabla_1-1024x449.jpeg 1024w, https:\/\/digital-planning.com\/wp-content\/uploads\/2025\/02\/tabla_1-300x132.jpeg 300w, https:\/\/digital-planning.com\/wp-content\/uploads\/2025\/02\/tabla_1-768x337.jpeg 768w, https:\/\/digital-planning.com\/wp-content\/uploads\/2025\/02\/tabla_1.jpeg 1507w\" sizes=\"(max-width: 740px) 100vw, 740px\" \/>\t\t\t\t\t\t\t\t\t\t\t\t\t\t\t<\/div>\n\t\t\t\t<\/div>\n\t\t\t\t<div class=\"elementor-element elementor-element-58a1859 elementor-align-center elementor-widget elementor-widget-button\" data-id=\"58a1859\" data-element_type=\"widget\" data-e-type=\"widget\" data-widget_type=\"button.default\">\n\t\t\t\t<div class=\"elementor-widget-container\">\n\t\t\t\t\t\t\t\t\t<div class=\"elementor-button-wrapper\">\n\t\t\t\t\t<a class=\"elementor-button elementor-button-link elementor-size-sm\" href=\"#\">\n\t\t\t\t\t\t<span class=\"elementor-button-content-wrapper\">\n\t\t\t\t\t\t\t\t\t<span class=\"elementor-button-text\">M\u00c1S INFORMACI\u00d3N<\/span>\n\t\t\t\t\t<\/span>\n\t\t\t\t\t<\/a>\n\t\t\t\t<\/div>\n\t\t\t\t\t\t\t\t<\/div>\n\t\t\t\t<\/div>\n\t\t\t\t<\/div>\n\t\t\t\t\t<\/div>\n\t\t\t\t<\/section>\n\t\t<div class=\"elementor-element elementor-element-7578210 e-flex e-con-boxed e-con e-parent\" data-id=\"7578210\" data-element_type=\"container\" data-e-type=\"container\">\n\t\t\t\t\t<div class=\"e-con-inner\">\n\t\t\t\t<div class=\"elementor-element elementor-element-d3a9c91 elementor-widget-divider--view-line elementor-widget elementor-widget-divider\" data-id=\"d3a9c91\" data-element_type=\"widget\" data-e-type=\"widget\" data-widget_type=\"divider.default\">\n\t\t\t\t<div class=\"elementor-widget-container\">\n\t\t\t\t\t\t\t<div class=\"elementor-divider\">\n\t\t\t<span class=\"elementor-divider-separator\">\n\t\t\t\t\t\t<\/span>\n\t\t<\/div>\n\t\t\t\t\t\t<\/div>\n\t\t\t\t<\/div>\n\t\t\t\t\t<\/div>\n\t\t\t\t<\/div>\n\t\t<div class=\"elementor-element elementor-element-7fee30f e-flex e-con-boxed e-con e-parent\" data-id=\"7fee30f\" data-element_type=\"container\" data-e-type=\"container\">\n\t\t\t\t\t<div class=\"e-con-inner\">\n\t\t<div class=\"elementor-element elementor-element-c86c0e1 e-con-full e-flex e-con e-child\" data-id=\"c86c0e1\" data-element_type=\"container\" data-e-type=\"container\">\n\t\t\t\t<div class=\"elementor-element elementor-element-bf20ed7 elementor-widget elementor-widget-heading\" data-id=\"bf20ed7\" data-element_type=\"widget\" data-e-type=\"widget\" data-widget_type=\"heading.default\">\n\t\t\t\t<div class=\"elementor-widget-container\">\n\t\t\t\t\t<h2 class=\"elementor-heading-title elementor-size-default\"><h3 style=\"font-size:80px;text-align:center\">DAT'S WHY<\/h3><\/h2>\t\t\t\t<\/div>\n\t\t\t\t<\/div>\n\t\t\t\t<\/div>\n\t\t<div class=\"elementor-element elementor-element-582211d e-con-full e-flex e-con e-child\" data-id=\"582211d\" data-element_type=\"container\" data-e-type=\"container\">\n\t\t\t\t<div class=\"elementor-element elementor-element-0684a7a elementor-widget elementor-widget-image\" data-id=\"0684a7a\" data-element_type=\"widget\" data-e-type=\"widget\" data-widget_type=\"image.default\">\n\t\t\t\t<div class=\"elementor-widget-container\">\n\t\t\t\t\t\t\t\t\t\t\t\t\t\t\t<img decoding=\"async\" width=\"740\" height=\"416\" src=\"https:\/\/digital-planning.com\/wp-content\/uploads\/2025\/03\/2110-flotefi-geolocalizacion-1024x576.jpg\" class=\"attachment-large size-large wp-image-1440\" alt=\"\" srcset=\"https:\/\/digital-planning.com\/wp-content\/uploads\/2025\/03\/2110-flotefi-geolocalizacion-1024x576.jpg 1024w, https:\/\/digital-planning.com\/wp-content\/uploads\/2025\/03\/2110-flotefi-geolocalizacion-300x169.jpg 300w, https:\/\/digital-planning.com\/wp-content\/uploads\/2025\/03\/2110-flotefi-geolocalizacion-768x432.jpg 768w, https:\/\/digital-planning.com\/wp-content\/uploads\/2025\/03\/2110-flotefi-geolocalizacion.jpg 1200w\" sizes=\"(max-width: 740px) 100vw, 740px\" \/>\t\t\t\t\t\t\t\t\t\t\t\t\t\t\t<\/div>\n\t\t\t\t<\/div>\n\t\t\t\t<\/div>\n\t\t<div class=\"elementor-element elementor-element-308ccb4 e-con-full e-flex e-con e-child\" data-id=\"308ccb4\" data-element_type=\"container\" data-e-type=\"container\">\n\t\t\t\t<div class=\"elementor-element elementor-element-d738cfc elementor-widget elementor-widget-text-editor\" data-id=\"d738cfc\" data-element_type=\"widget\" data-e-type=\"widget\" data-widget_type=\"text-editor.default\">\n\t\t\t\t<div class=\"elementor-widget-container\">\n\t\t\t\t\t\t\t\t\t<h4>Descubre el poder de nuestra plataforma de insights de audiencias OOH, dise\u00f1ada para transformar tus campa\u00f1as publicitarias. Con acceso a m\u00e1s de 70 mil sitios en el pa\u00eds, nuestra avanzada tecnolog\u00eda te permite identificar los mejores lugares y estrategias para cada marca, garantizando un impacto \u00f3ptimo. Genera y entrega visibilidad completa de tus audiencias, entendiendo cada paso del audience journey para crear campa\u00f1as 360\u00b0 perfectamente alineadas con los comportamientos y preferencias de tu p\u00fablico objetivo. Maximiza tus resultados y lleva tus campa\u00f1as OOH al siguiente nivel con nuestra plataforma de insights.<\/h4>\t\t\t\t\t\t\t\t<\/div>\n\t\t\t\t<\/div>\n\t\t\t\t<\/div>\n\t\t\t\t\t<\/div>\n\t\t\t\t<\/div>\n\t\t\t\t<\/div>\n\t\t","protected":false},"excerpt":{"rendered":"<p>AI AGENT SERVICE Optimiza tus flujos de comunicaci\u00f3n con inteligencia artificial, integrando tu p\u00e1gina web, bases de datos, CRM, ERP y m\u00e1s para que la interacci\u00f3n con tus clientes sea \u00e1gil y eficiente. A trav\u00e9s de soluciones personalizadas, mejoramos la comunicaci\u00f3n y automatizamos tus procesos clave, generando procesos eficientes en tu negocio en \u00e1reas como<\/p>\n","protected":false},"author":1,"featured_media":0,"parent":0,"menu_order":0,"comment_status":"closed","ping_status":"closed","template":"elementor_header_footer","meta":{"inline_featured_image":false,"footnotes":""},"class_list":["post-1023","page","type-page","status-publish","hentry"],"_links":{"self":[{"href":"https:\/\/digital-planning.com\/index.php\/wp-json\/wp\/v2\/pages\/1023","targetHints":{"allow":["GET"]}}],"collection":[{"href":"https:\/\/digital-planning.com\/index.php\/wp-json\/wp\/v2\/pages"}],"about":[{"href":"https:\/\/digital-planning.com\/index.php\/wp-json\/wp\/v2\/types\/page"}],"author":[{"embeddable":true,"href":"https:\/\/digital-planning.com\/index.php\/wp-json\/wp\/v2\/users\/1"}],"replies":[{"embeddable":true,"href":"https:\/\/digital-planning.com\/index.php\/wp-json\/wp\/v2\/comments?post=1023"}],"version-history":[{"count":12,"href":"https:\/\/digital-planning.com\/index.php\/wp-json\/wp\/v2\/pages\/1023\/revisions"}],"predecessor-version":[{"id":1687,"href":"https:\/\/digital-planning.com\/index.php\/wp-json\/wp\/v2\/pages\/1023\/revisions\/1687"}],"wp:attachment":[{"href":"https:\/\/digital-planning.com\/index.php\/wp-json\/wp\/v2\/media?parent=1023"}],"curies":[{"name":"wp","href":"https:\/\/api.w.org\/{rel}","templated":true}]}}